{"id":3945,"date":"2023-06-22T20:38:23","date_gmt":"2023-06-22T20:38:23","guid":{"rendered":"https:\/\/www.eduvitanova.com\/?page_id=3945"},"modified":"2024-11-12T23:41:40","modified_gmt":"2024-11-12T23:41:40","slug":"online-sozlesme","status":"publish","type":"page","link":"https:\/\/www.eduvitanova.com\/index.php\/online-sozlesme\/","title":{"rendered":"Online S\u00f6zle\u015fme"},"content":{"rendered":"\n<div class=\"wp-block-contact-form-7-contact-form-selector\">\n<div class=\"wpcf7 no-js\" id=\"wpcf7-f3949-o1\" lang=\"tr-TR\" dir=\"ltr\" data-wpcf7-id=\"3949\">\n<div class=\"screen-reader-response\"><p role=\"status\" aria-live=\"polite\" aria-atomic=\"true\"><\/p> <ul><\/ul><\/div>\n<form action=\"\/index.php\/wp-json\/wp\/v2\/pages\/3945#wpcf7-f3949-o1\" method=\"post\" class=\"wpcf7-form init\" aria-label=\"\u0130leti\u015fim Formu\" novalidate=\"novalidate\" data-status=\"init\">\n<fieldset class=\"hidden-fields-container\"><input type=\"hidden\" name=\"_wpcf7\" value=\"3949\" \/><input type=\"hidden\" name=\"_wpcf7_version\" value=\"6.1.5\" \/><input type=\"hidden\" name=\"_wpcf7_locale\" value=\"tr_TR\" \/><input type=\"hidden\" name=\"_wpcf7_unit_tag\" value=\"wpcf7-f3949-o1\" \/><input type=\"hidden\" name=\"_wpcf7_container_post\" value=\"0\" \/><input type=\"hidden\" name=\"_wpcf7_posted_data_hash\" value=\"\" \/>\n<\/fieldset>\n<p><label>\u00d6\u011frencinin Ad\u0131 Soyad:<br \/>\n<span class=\"wpcf7-form-control-wrap\" data-name=\"student-name\"><input size=\"40\" maxlength=\"400\" class=\"wpcf7-form-control wpcf7-text wpcf7-validates-as-required\" aria-required=\"true\" aria-invalid=\"false\" value=\"\" type=\"text\" name=\"student-name\" \/><\/span> <\/label>\n<\/p>\n<p><label>\u00d6\u011frencinin T.C. Kimlik Numaras\u0131:<br \/>\n<span class=\"wpcf7-form-control-wrap\" data-name=\"student-tcno\"><input class=\"wpcf7-form-control wpcf7-number wpcf7-validates-as-required wpcf7-validates-as-number\" aria-required=\"true\" aria-invalid=\"false\" value=\"\" type=\"number\" name=\"student-tcno\" \/><\/span> <\/label>\n<\/p>\n<p><label>E-mail Adresiniz:<br \/>\n<span class=\"wpcf7-form-control-wrap\" data-name=\"email-169\"><input size=\"40\" maxlength=\"400\" class=\"wpcf7-form-control wpcf7-email wpcf7-validates-as-required wpcf7-text wpcf7-validates-as-email\" aria-required=\"true\" aria-invalid=\"false\" value=\"\" type=\"email\" name=\"email-169\" \/><\/span> <\/label>\n<\/p>\n<p><label>Telefon Numaran\u0131z (L\u00fctfen \u00dclke Kodu ile giriniz):<br \/>\n<span class=\"wpcf7-form-control-wrap\" data-name=\"tel-424\"><input size=\"40\" maxlength=\"400\" class=\"wpcf7-form-control wpcf7-tel wpcf7-validates-as-required wpcf7-text wpcf7-validates-as-tel\" aria-required=\"true\" aria-invalid=\"false\" value=\"\" type=\"tel\" name=\"tel-424\" \/><\/span> <\/label>\n<\/p>\n<p><label>Velinin Ad\u0131 Soyad\u0131 (Re\u015fit De\u011filseniz Doldurun):<br \/>\n<span class=\"wpcf7-form-control-wrap\" data-name=\"parent-name\"><input size=\"40\" maxlength=\"400\" class=\"wpcf7-form-control wpcf7-text\" aria-invalid=\"false\" value=\"\" type=\"text\" name=\"parent-name\" \/><\/span> <\/label>\n<\/p>\n<p><label>Velinin T.C. Kimlik Numaras\u0131 (Re\u015fit De\u011filseniz Doldurun):<br \/>\n<span class=\"wpcf7-form-control-wrap\" data-name=\"parent-tcno\"><input class=\"wpcf7-form-control wpcf7-number wpcf7-validates-as-number\" aria-invalid=\"false\" value=\"\" type=\"number\" name=\"parent-tcno\" \/><\/span> <\/label>\n<\/p>\n<p><label>Adres:<br \/>\n<span class=\"wpcf7-form-control-wrap\" data-name=\"address\"><input size=\"40\" maxlength=\"400\" class=\"wpcf7-form-control wpcf7-text wpcf7-validates-as-required\" aria-required=\"true\" aria-invalid=\"false\" value=\"\" type=\"text\" name=\"address\" \/><\/span> <\/label>\n<\/p>\n<p><script>\n document.addEventListener('DOMContentLoaded', function() {\n var dateField = document.querySelector('input[name=\"date-10\"]');\n var today = new Date();\n var day = String(today.getDate()).padStart(2, '0');\n var month = String(today.getMonth() + 1).padStart(2, '0');\n var year = today.getFullYear();\n var formattedDate = year + '-' + month + '-' + day;\n dateField.setAttribute('value', formattedDate);\n dateField.setAttribute('readonly', 'readonly');\n });\n<\/script>\n<\/p>\n<p><label> S\u00f6zle\u015fme Tarihi:<br \/>\n<span class=\"wpcf7-form-control-wrap\" data-name=\"date-10\"><input class=\"wpcf7-form-control wpcf7-date wpcf7-validates-as-required wpcf7-validates-as-date\" aria-required=\"true\" aria-invalid=\"false\" value=\"\" type=\"date\" name=\"date-10\" \/><\/span><br \/>\n<\/label>\n<\/p>\n<p><label>L\u00fctfen a\u015fa\u011f\u0131dan hizmet almak istedi\u011finiz paketi se\u00e7iniz:<br \/>\n<span class=\"wpcf7-form-control-wrap\" data-name=\"menu-498\"><select class=\"wpcf7-form-control wpcf7-select wpcf7-validates-as-required\" aria-required=\"true\" aria-invalid=\"false\" name=\"menu-498\"><option value=\"\u0130talya \u00dcniversite Ba\u015fvuru S\u00fcreci Paketi\">\u0130talya \u00dcniversite Ba\u015fvuru S\u00fcreci Paketi<\/option><option value=\"Burs Dan\u0131\u015fmanl\u0131\u011f\u0131 Paketi\">Burs Dan\u0131\u015fmanl\u0131\u011f\u0131 Paketi<\/option><option value=\"Vize Dan\u0131\u015fmanl\u0131\u011f\u0131 Paketi\">Vize Dan\u0131\u015fmanl\u0131\u011f\u0131 Paketi<\/option><option value=\"\u0130talya Kar\u015f\u0131lama Paketi\">\u0130talya Kar\u015f\u0131lama Paketi<\/option><option value=\"Burs ve Vize Dan\u0131\u015fmanl\u0131\u011f\u0131 Paketi\">Burs ve Vize Dan\u0131\u015fmanl\u0131\u011f\u0131 Paketi<\/option><option value=\"Burs ve Vize Dan\u0131\u015fmanl\u0131\u011f\u0131 + \u0130talya Paketi\">Burs ve Vize Dan\u0131\u015fmanl\u0131\u011f\u0131 + \u0130talya Paketi<\/option><option value=\"\u0130talya \u00dcniversite Ba\u015fvuru S\u00fcreci ve Burs Dan\u0131\u015fmanl\u0131\u011f\u0131 Paketi\">\u0130talya \u00dcniversite Ba\u015fvuru S\u00fcreci ve Burs Dan\u0131\u015fmanl\u0131\u011f\u0131 Paketi<\/option><option value=\"T\u00fcm S\u00fcre\u00e7 Paketi\">T\u00fcm S\u00fcre\u00e7 Paketi<\/option><option value=\"T\u00fcm S\u00fcre\u00e7 + \u0130talya Paketi\">T\u00fcm S\u00fcre\u00e7 + \u0130talya Paketi<\/option><option value=\"\u00d6zel Durum S\u00f6zle\u015fmesi\">\u00d6zel Durum S\u00f6zle\u015fmesi<\/option><\/select><\/span> <\/label>\n<\/p>\n<p><span class=\"wpcf7-form-control-wrap\" data-name=\"checkbox-431\"><span class=\"wpcf7-form-control wpcf7-checkbox wpcf7-validates-as-required\"><span class=\"wpcf7-list-item first last\"><label><input type=\"checkbox\" name=\"checkbox-431[]\" value=\"S\u00f6zle\u015fmeyi Okudum, \u0130nceledim ve Onayl\u0131yorum.\" \/><span class=\"wpcf7-list-item-label\">S\u00f6zle\u015fmeyi Okudum, \u0130nceledim ve Onayl\u0131yorum.<\/span><\/label><\/span><\/span><\/span>\n<\/p>\n<p><span class=\"wpcf7-form-control-wrap\" data-name=\"checkbox-432\"><span class=\"wpcf7-form-control wpcf7-checkbox wpcf7-validates-as-required\"><span class=\"wpcf7-list-item first last\"><label><input type=\"checkbox\" name=\"checkbox-432[]\" value=\"Hizmet Bedelini s\u00f6zle\u015fmeye uygun bir \u015fekilde g\u00f6nderece\u011fimi taahh\u00fct ederim.\" \/><span class=\"wpcf7-list-item-label\">Hizmet Bedelini s\u00f6zle\u015fmeye uygun bir \u015fekilde g\u00f6nderece\u011fimi taahh\u00fct ederim.<\/span><\/label><\/span><\/span><\/span>\n<\/p>\n<p><span class=\"wpcf7-form-control-wrap\" data-name=\"checkbox-433\"><span class=\"wpcf7-form-control wpcf7-checkbox wpcf7-validates-as-required\"><span class=\"wpcf7-list-item first last\"><label><input type=\"checkbox\" name=\"checkbox-433[]\" value=\"KVKK Gere\u011fi Ki\u015fisel Verilerin Yasal \u00c7er\u00e7evede \u0130\u015flenmesini Onayl\u0131yorum.\" \/><span class=\"wpcf7-list-item-label\">KVKK Gere\u011fi Ki\u015fisel Verilerin Yasal \u00c7er\u00e7evede \u0130\u015flenmesini Onayl\u0131yorum.<\/span><\/label><\/span><\/span><\/span>\n<\/p>\n<style>\n .sign-337-container {\n display: flex;\n justify-content: center;\n align-items: center;\n }\n \n .sign-337 {\n background-color: #f0f0f0;\n padding: 10px;\n }\n<\/style>\n<div class=\"sign-337-container\">\n\t<p><label>Elektronik \u0130mzan\u0131z\u0131 Alttaki Beyaz Alan \u0130\u00e7erisine At\u0131n\u0131z!<\/label><br \/>\n<span class=\"wpcf7-form-control-wrap wpcf7-sign-wrap sign-337\"><input class=\"wpcf7-form-control wpcf7-sign wpcf7-validates-as-required\" aria-required=\"true\" aria-invalid=\"false\" name=\"sign-337\" type=\"hidden\" \/>\n            <canvas style=\"display:block\" data-hidden=\"sign-337\" class=\"signature-pad\" width=400 height=200><\/canvas>\n            <button class=\"btn btn-primary cf7sg-sign\">Clear<\/button>\n        <\/span>\n\t<\/p>\n<\/div>\n<p><input class=\"wpcf7-form-control wpcf7-submit has-spinner\" type=\"submit\" value=\"G\u00f6nder\" \/>\n<\/p><input type='hidden' class='wpcf7-pum' value='{\"closepopup\":false,\"closedelay\":0,\"openpopup\":false,\"openpopup_id\":0}' \/><div class=\"wpcf7-response-output\" aria-hidden=\"true\"><\/div>\n<\/form>\n<\/div>\n<\/div>\n\n\n\n<p><\/p>\n","protected":false},"excerpt":{"rendered":"","protected":false},"author":1,"featured_media":0,"parent":0,"menu_order":0,"comment_status":"closed","ping_status":"closed","template":"","meta":{"_uag_custom_page_level_css":"","site-sidebar-layout":"default","site-content-layout":"","ast-site-content-layout":"default","site-content-style":"default","site-sidebar-style":"default","ast-global-header-display":"","ast-banner-title-visibility":"","ast-main-header-display":"","ast-hfb-above-header-display":"","ast-hfb-below-header-display":"","ast-hfb-mobile-header-display":"","site-post-title":"","ast-breadcrumbs-content":"","ast-featured-img":"","footer-sml-layout":"","ast-disable-related-posts":"","theme-transparent-header-meta":"","adv-header-id-meta":"","stick-header-meta":"","header-above-stick-meta":"","header-main-stick-meta":"","header-below-stick-meta":"","astra-migrate-meta-layouts":"set","ast-page-background-enabled":"default","ast-page-background-meta":{"desktop":{"background-color":"","background-image":"","background-repeat":"repeat","background-position":"center center","background-size":"auto","background-attachment":"scroll","background-type":"","background-media":"","overlay-type":"","overlay-color":"","overlay-opacity":"","overlay-gradient":""},"tablet":{"background-color":"","background-image":"","background-repeat":"repeat","background-position":"center center","background-size":"auto","background-attachment":"scroll","background-type":"","background-media":"","overlay-type":"","overlay-color":"","overlay-opacity":"","overlay-gradient":""},"mobile":{"background-color":"","background-image":"","background-repeat":"repeat","background-position":"center center","background-size":"auto","background-attachment":"scroll","background-type":"","background-media":"","overlay-type":"","overlay-color":"","overlay-opacity":"","overlay-gradient":""}},"ast-content-background-meta":{"desktop":{"background-color":"var(--ast-global-color-5)","background-image":"","background-repeat":"repeat","background-position":"center center","background-size":"auto","background-attachment":"scroll","background-type":"","background-media":"","overlay-type":"","overlay-color":"","overlay-opacity":"","overlay-gradient":""},"tablet":{"background-color":"var(--ast-global-color-5)","background-image":"","background-repeat":"repeat","background-position":"center center","background-size":"auto","background-attachment":"scroll","background-type":"","background-media":"","overlay-type":"","overlay-color":"","overlay-opacity":"","overlay-gradient":""},"mobile":{"background-color":"var(--ast-global-color-5)","background-image":"","background-repeat":"repeat","background-position":"center center","background-size":"auto","background-attachment":"scroll","background-type":"","background-media":"","overlay-type":"","overlay-color":"","overlay-opacity":"","overlay-gradient":""}},"footnotes":""},"class_list":["post-3945","page","type-page","status-publish","hentry"],"yoast_head":"<!-- This site is optimized with the Yoast SEO plugin v27.1.1 - https:\/\/yoast.com\/product\/yoast-seo-wordpress\/ -->\n<title>Online S\u00f6zle\u015fme - Edu Vita Nova \u0130talya E\u011fitim Dan\u0131\u015fmanl\u0131\u011f\u0131<\/title>\n<meta name=\"robots\" content=\"index, follow, max-snippet:-1, max-image-preview:large, max-video-preview:-1\" \/>\n<link rel=\"canonical\" href=\"https:\/\/www.eduvitanova.com\/index.php\/online-sozlesme\/\" \/>\n<meta property=\"og:locale\" content=\"tr_TR\" \/>\n<meta property=\"og:type\" content=\"article\" \/>\n<meta property=\"og:title\" content=\"Online S\u00f6zle\u015fme - Edu Vita Nova \u0130talya E\u011fitim Dan\u0131\u015fmanl\u0131\u011f\u0131\" \/>\n<meta property=\"og:url\" content=\"https:\/\/www.eduvitanova.com\/index.php\/online-sozlesme\/\" \/>\n<meta property=\"og:site_name\" content=\"Edu Vita Nova \u0130talya E\u011fitim Dan\u0131\u015fmanl\u0131\u011f\u0131\" \/>\n<meta property=\"article:publisher\" content=\"https:\/\/www.facebook.com\/EduVitaNova\" \/>\n<meta property=\"article:modified_time\" content=\"2024-11-12T23:41:40+00:00\" \/>\n<meta property=\"og:image\" content=\"https:\/\/www.eduvitanova.com\/wp-content\/uploads\/2023\/04\/giyim-moda-siyah-beyaz-logo-sifir.png\" \/>\n\t<meta property=\"og:image:width\" content=\"987\" \/>\n\t<meta property=\"og:image:height\" content=\"981\" \/>\n\t<meta property=\"og:image:type\" content=\"image\/png\" \/>\n<meta name=\"twitter:card\" content=\"summary_large_image\" \/>\n<meta name=\"twitter:site\" content=\"@EduVitaNova\" \/>\n<meta name=\"twitter:label1\" content=\"Tahmini okuma s\u00fcresi\" \/>\n\t<meta name=\"twitter:data1\" content=\"1 dakika\" \/>\n<script type=\"application\/ld+json\" class=\"yoast-schema-graph\">{\"@context\":\"https:\/\/schema.org\",\"@graph\":[{\"@type\":\"WebPage\",\"@id\":\"https:\/\/www.eduvitanova.com\/index.php\/online-sozlesme\/\",\"url\":\"https:\/\/www.eduvitanova.com\/index.php\/online-sozlesme\/\",\"name\":\"Online S\u00f6zle\u015fme - Edu Vita Nova \u0130talya E\u011fitim Dan\u0131\u015fmanl\u0131\u011f\u0131\",\"isPartOf\":{\"@id\":\"https:\/\/www.eduvitanova.com\/#website\"},\"datePublished\":\"2023-06-22T20:38:23+00:00\",\"dateModified\":\"2024-11-12T23:41:40+00:00\",\"breadcrumb\":{\"@id\":\"https:\/\/www.eduvitanova.com\/index.php\/online-sozlesme\/#breadcrumb\"},\"inLanguage\":\"tr\",\"potentialAction\":[{\"@type\":\"ReadAction\",\"target\":[\"https:\/\/www.eduvitanova.com\/index.php\/online-sozlesme\/\"]}]},{\"@type\":\"BreadcrumbList\",\"@id\":\"https:\/\/www.eduvitanova.com\/index.php\/online-sozlesme\/#breadcrumb\",\"itemListElement\":[{\"@type\":\"ListItem\",\"position\":1,\"name\":\"Anasayfa\",\"item\":\"https:\/\/www.eduvitanova.com\/\"},{\"@type\":\"ListItem\",\"position\":2,\"name\":\"Online S\u00f6zle\u015fme\"}]},{\"@type\":\"WebSite\",\"@id\":\"https:\/\/www.eduvitanova.com\/#website\",\"url\":\"https:\/\/www.eduvitanova.com\/\",\"name\":\"Edu Vita Nova \u0130talya E\u011fitim Dan\u0131\u015fmanl\u0131\u011f\u0131\",\"description\":\"\u0130talya E\u011fitim Dan\u0131\u015fmanl\u0131\u011f\u0131\",\"publisher\":{\"@id\":\"https:\/\/www.eduvitanova.com\/#organization\"},\"potentialAction\":[{\"@type\":\"SearchAction\",\"target\":{\"@type\":\"EntryPoint\",\"urlTemplate\":\"https:\/\/www.eduvitanova.com\/?s={search_term_string}\"},\"query-input\":{\"@type\":\"PropertyValueSpecification\",\"valueRequired\":true,\"valueName\":\"search_term_string\"}}],\"inLanguage\":\"tr\"},{\"@type\":\"Organization\",\"@id\":\"https:\/\/www.eduvitanova.com\/#organization\",\"name\":\"Edu Vita Nova \u0130talya E\u011fitim Dan\u0131\u015fmanl\u0131\u011f\u0131\",\"url\":\"https:\/\/www.eduvitanova.com\/\",\"logo\":{\"@type\":\"ImageObject\",\"inLanguage\":\"tr\",\"@id\":\"https:\/\/www.eduvitanova.com\/#\/schema\/logo\/image\/\",\"url\":\"https:\/\/www.eduvitanova.com\/wp-content\/uploads\/2023\/06\/Edu-Vita-Nova-Italya-Egitim-Danismanligi-Logo.png\",\"contentUrl\":\"https:\/\/www.eduvitanova.com\/wp-content\/uploads\/2023\/06\/Edu-Vita-Nova-Italya-Egitim-Danismanligi-Logo.png\",\"width\":1563,\"height\":1563,\"caption\":\"Edu Vita Nova \u0130talya E\u011fitim Dan\u0131\u015fmanl\u0131\u011f\u0131\"},\"image\":{\"@id\":\"https:\/\/www.eduvitanova.com\/#\/schema\/logo\/image\/\"},\"sameAs\":[\"https:\/\/www.facebook.com\/EduVitaNova\",\"https:\/\/x.com\/EduVitaNova\",\"https:\/\/www.instagram.com\/EduVitaNova\/\",\"https:\/\/www.youtube.com\/@EduVitaNova\"]}]}<\/script>\n<!-- \/ Yoast SEO plugin. -->","yoast_head_json":{"title":"Online S\u00f6zle\u015fme - Edu Vita Nova \u0130talya E\u011fitim Dan\u0131\u015fmanl\u0131\u011f\u0131","robots":{"index":"index","follow":"follow","max-snippet":"max-snippet:-1","max-image-preview":"max-image-preview:large","max-video-preview":"max-video-preview:-1"},"canonical":"https:\/\/www.eduvitanova.com\/index.php\/online-sozlesme\/","og_locale":"tr_TR","og_type":"article","og_title":"Online S\u00f6zle\u015fme - Edu Vita Nova \u0130talya E\u011fitim Dan\u0131\u015fmanl\u0131\u011f\u0131","og_url":"https:\/\/www.eduvitanova.com\/index.php\/online-sozlesme\/","og_site_name":"Edu Vita Nova \u0130talya E\u011fitim Dan\u0131\u015fmanl\u0131\u011f\u0131","article_publisher":"https:\/\/www.facebook.com\/EduVitaNova","article_modified_time":"2024-11-12T23:41:40+00:00","og_image":[{"width":987,"height":981,"url":"https:\/\/www.eduvitanova.com\/wp-content\/uploads\/2023\/04\/giyim-moda-siyah-beyaz-logo-sifir.png","type":"image\/png"}],"twitter_card":"summary_large_image","twitter_site":"@EduVitaNova","twitter_misc":{"Tahmini okuma s\u00fcresi":"1 dakika"},"schema":{"@context":"https:\/\/schema.org","@graph":[{"@type":"WebPage","@id":"https:\/\/www.eduvitanova.com\/index.php\/online-sozlesme\/","url":"https:\/\/www.eduvitanova.com\/index.php\/online-sozlesme\/","name":"Online S\u00f6zle\u015fme - Edu Vita Nova \u0130talya E\u011fitim Dan\u0131\u015fmanl\u0131\u011f\u0131","isPartOf":{"@id":"https:\/\/www.eduvitanova.com\/#website"},"datePublished":"2023-06-22T20:38:23+00:00","dateModified":"2024-11-12T23:41:40+00:00","breadcrumb":{"@id":"https:\/\/www.eduvitanova.com\/index.php\/online-sozlesme\/#breadcrumb"},"inLanguage":"tr","potentialAction":[{"@type":"ReadAction","target":["https:\/\/www.eduvitanova.com\/index.php\/online-sozlesme\/"]}]},{"@type":"BreadcrumbList","@id":"https:\/\/www.eduvitanova.com\/index.php\/online-sozlesme\/#breadcrumb","itemListElement":[{"@type":"ListItem","position":1,"name":"Anasayfa","item":"https:\/\/www.eduvitanova.com\/"},{"@type":"ListItem","position":2,"name":"Online S\u00f6zle\u015fme"}]},{"@type":"WebSite","@id":"https:\/\/www.eduvitanova.com\/#website","url":"https:\/\/www.eduvitanova.com\/","name":"Edu Vita Nova \u0130talya E\u011fitim Dan\u0131\u015fmanl\u0131\u011f\u0131","description":"\u0130talya E\u011fitim Dan\u0131\u015fmanl\u0131\u011f\u0131","publisher":{"@id":"https:\/\/www.eduvitanova.com\/#organization"},"potentialAction":[{"@type":"SearchAction","target":{"@type":"EntryPoint","urlTemplate":"https:\/\/www.eduvitanova.com\/?s={search_term_string}"},"query-input":{"@type":"PropertyValueSpecification","valueRequired":true,"valueName":"search_term_string"}}],"inLanguage":"tr"},{"@type":"Organization","@id":"https:\/\/www.eduvitanova.com\/#organization","name":"Edu Vita Nova \u0130talya E\u011fitim Dan\u0131\u015fmanl\u0131\u011f\u0131","url":"https:\/\/www.eduvitanova.com\/","logo":{"@type":"ImageObject","inLanguage":"tr","@id":"https:\/\/www.eduvitanova.com\/#\/schema\/logo\/image\/","url":"https:\/\/www.eduvitanova.com\/wp-content\/uploads\/2023\/06\/Edu-Vita-Nova-Italya-Egitim-Danismanligi-Logo.png","contentUrl":"https:\/\/www.eduvitanova.com\/wp-content\/uploads\/2023\/06\/Edu-Vita-Nova-Italya-Egitim-Danismanligi-Logo.png","width":1563,"height":1563,"caption":"Edu Vita Nova \u0130talya E\u011fitim Dan\u0131\u015fmanl\u0131\u011f\u0131"},"image":{"@id":"https:\/\/www.eduvitanova.com\/#\/schema\/logo\/image\/"},"sameAs":["https:\/\/www.facebook.com\/EduVitaNova","https:\/\/x.com\/EduVitaNova","https:\/\/www.instagram.com\/EduVitaNova\/","https:\/\/www.youtube.com\/@EduVitaNova"]}]}},"uagb_featured_image_src":{"full":false,"thumbnail":false,"medium":false,"medium_large":false,"large":false,"1536x1536":false,"2048x2048":false,"bdpp-medium":false},"uagb_author_info":{"display_name":"EduVitaNova","author_link":"https:\/\/www.eduvitanova.com\/index.php\/author\/admin\/"},"uagb_comment_info":0,"uagb_excerpt":null,"_links":{"self":[{"href":"https:\/\/www.eduvitanova.com\/index.php\/wp-json\/wp\/v2\/pages\/3945","targetHints":{"allow":["GET"]}}],"collection":[{"href":"https:\/\/www.eduvitanova.com\/index.php\/wp-json\/wp\/v2\/pages"}],"about":[{"href":"https:\/\/www.eduvitanova.com\/index.php\/wp-json\/wp\/v2\/types\/page"}],"author":[{"embeddable":true,"href":"https:\/\/www.eduvitanova.com\/index.php\/wp-json\/wp\/v2\/users\/1"}],"replies":[{"embeddable":true,"href":"https:\/\/www.eduvitanova.com\/index.php\/wp-json\/wp\/v2\/comments?post=3945"}],"version-history":[{"count":8,"href":"https:\/\/www.eduvitanova.com\/index.php\/wp-json\/wp\/v2\/pages\/3945\/revisions"}],"predecessor-version":[{"id":4533,"href":"https:\/\/www.eduvitanova.com\/index.php\/wp-json\/wp\/v2\/pages\/3945\/revisions\/4533"}],"wp:attachment":[{"href":"https:\/\/www.eduvitanova.com\/index.php\/wp-json\/wp\/v2\/media?parent=3945"}],"curies":[{"name":"wp","href":"https:\/\/api.w.org\/{rel}","templated":true}]}}